{"id":134,"date":"2025-04-15T10:01:33","date_gmt":"2025-04-15T08:01:33","guid":{"rendered":"https:\/\/sp-dominow.pl\/?page_id=134"},"modified":"2025-04-15T12:30:59","modified_gmt":"2025-04-15T10:30:59","slug":"strona-glowna","status":"publish","type":"page","link":"https:\/\/sp-dominow.pl\/","title":{"rendered":"Strona g\u0142\u00f3wna"},"content":{"rendered":"\n<h2 class=\"wp-block-heading\"><strong>Twoja szko\u0142a! Twoja przysz\u0142o\u015b\u0107<\/strong><\/h2>\n\n\n\n<div class=\"alignnormal\"><div id=\"metaslider-id-204\" style=\"width: 100%;\" class=\"ml-slider-3-107-0 metaslider metaslider-flex metaslider-204 ml-slider has-dots-nav ms-theme-default-base\" role=\"region\" aria-label=\"New Slideshow\" data-height=\"320\" data-width=\"700\">\n    <div id=\"metaslider_container_204\">\n        <div id=\"metaslider_204\">\n            <ul class='slides'>\n                <li style=\"display: block; width: 100%;\" class=\"slide-205 ms-image \" aria-roledescription=\"slide\" data-date=\"2025-04-15 12:25:09\" data-filename=\"pasowanie-na-ucznia-700x320.jpg\" data-slide-type=\"image\"><img loading=\"lazy\" decoding=\"async\" src=\"https:\/\/sp-dominow.pl\/wp-content\/uploads\/2025\/04\/pasowanie-na-ucznia-700x320.jpg\" height=\"320\" width=\"700\" alt=\"\" class=\"slider-204 slide-205 msDefaultImage\" title=\"pasowanie na ucznia\" \/><\/li>\n                <li style=\"display: none; width: 100%;\" class=\"slide-206 ms-image \" aria-roledescription=\"slide\" data-date=\"2025-04-15 12:25:13\" data-filename=\"FB_IMG_1744712119480-700x320.jpg\" data-slide-type=\"image\"><img loading=\"lazy\" decoding=\"async\" src=\"https:\/\/sp-dominow.pl\/wp-content\/uploads\/2025\/04\/FB_IMG_1744712119480-700x320.jpg\" height=\"320\" width=\"700\" alt=\"\" class=\"slider-204 slide-206 msDefaultImage\" title=\"FB_IMG_1744712119480\" \/><\/li>\n                <li style=\"display: none; width: 100%;\" class=\"slide-209 ms-image \" aria-roledescription=\"slide\" data-date=\"2025-04-15 12:25:31\" data-filename=\"FB_IMG_1744712231257-700x320.jpg\" data-slide-type=\"image\"><img loading=\"lazy\" decoding=\"async\" src=\"https:\/\/sp-dominow.pl\/wp-content\/uploads\/2025\/04\/FB_IMG_1744712231257-700x320.jpg\" height=\"320\" width=\"700\" alt=\"\" class=\"slider-204 slide-209 msDefaultImage\" title=\"FB_IMG_1744712231257\" \/><\/li>\n                <li style=\"display: none; width: 100%;\" class=\"slide-211 ms-image \" aria-roledescription=\"slide\" data-date=\"2025-04-15 12:29:59\" data-filename=\"17-scaled-700x320.jpg\" data-slide-type=\"image\"><img loading=\"lazy\" decoding=\"async\" src=\"https:\/\/sp-dominow.pl\/wp-content\/uploads\/2025\/04\/17-scaled-700x320.jpg\" height=\"320\" width=\"700\" alt=\"\" class=\"slider-204 slide-211 msDefaultImage\" title=\"17\" \/><\/li>\n            <\/ul>\n        <\/div>\n        \n    <\/div>\n<\/div><\/div>\n","protected":false},"excerpt":{"rendered":"<p>Twoja szko\u0142a! Twoja przysz\u0142o\u015b\u0107<\/p>\n","protected":false},"author":1,"featured_media":0,"parent":0,"menu_order":0,"comment_status":"closed","ping_status":"closed","template":"","meta":{"footnotes":""},"class_list":["post-134","page","type-page","status-publish","hentry","entry"],"_links":{"self":[{"href":"https:\/\/sp-dominow.pl\/index.php\/wp-json\/wp\/v2\/pages\/134","targetHints":{"allow":["GET"]}}],"collection":[{"href":"https:\/\/sp-dominow.pl\/index.php\/wp-json\/wp\/v2\/pages"}],"about":[{"href":"https:\/\/sp-dominow.pl\/index.php\/wp-json\/wp\/v2\/types\/page"}],"author":[{"embeddable":true,"href":"https:\/\/sp-dominow.pl\/index.php\/wp-json\/wp\/v2\/users\/1"}],"replies":[{"embeddable":true,"href":"https:\/\/sp-dominow.pl\/index.php\/wp-json\/wp\/v2\/comments?post=134"}],"version-history":[{"count":4,"href":"https:\/\/sp-dominow.pl\/index.php\/wp-json\/wp\/v2\/pages\/134\/revisions"}],"predecessor-version":[{"id":212,"href":"https:\/\/sp-dominow.pl\/index.php\/wp-json\/wp\/v2\/pages\/134\/revisions\/212"}],"wp:attachment":[{"href":"https:\/\/sp-dominow.pl\/index.php\/wp-json\/wp\/v2\/media?parent=134"}],"curies":[{"name":"wp","href":"https:\/\/api.w.org\/{rel}","templated":true}]}}