{"id":162,"date":"2025-04-15T10:41:21","date_gmt":"2025-04-15T08:41:21","guid":{"rendered":"https:\/\/sp-dominow.pl\/?page_id=162"},"modified":"2025-04-25T15:16:24","modified_gmt":"2025-04-25T13:16:24","slug":"aktualnosci","status":"publish","type":"page","link":"https:\/\/sp-dominow.pl\/index.php\/aktualnosci\/","title":{"rendered":"Aktualno\u015bci"},"content":{"rendered":"\n<h2 class=\"wp-block-heading alignwide has-text-align-center\">GMINNE ZAWODY W PI\u0141CE KOSZYKOWEJ<\/h2>\n\n\n\n<p>W dniu 25.04.2025r w naszej szkole odby\u0142y si\u0119  gminne zawody w pi\u0142ce koszykowej pod honorowym patronatem <strong>W\u00f3jta Gminy Me\u0142giew Pani Magdaleny W\u00f3jcik<\/strong>.<\/p>\n\n\n\n<p>W zawodach wystartowa\u0142y dru\u017cyny z nast\u0119puj\u0105cych plac\u00f3wek:<\/p>\n\n\n\n<ul class=\"wp-block-list\">\n<li>Szko\u0142y Podstawowej im. J. Pi\u0142sudskiego w Me\u0142gwi,<\/li>\n\n\n\n<li>Szko\u0142y Podstawowej im. Jaworzniak\u00f3w w Krzesimowie<\/li>\n\n\n\n<li>Szko\u0142y Podstawowej im. M. W\u00f3jcik w Kr\u0119pcu<\/li>\n\n\n\n<li>Szko\u0142y Podstawowej im. M. Konopnickiej w Dominowie<\/li>\n<\/ul>\n\n\n\n<p class=\"has-text-align-left\">G\u0142\u00f3wnym celem organizowania  zawod\u00f3w jest promowanie aktywnego i zdrowego stylu \u017cycia w\u015br\u00f3d m\u0142odzie\u017cy poprzez sportow\u0105 rywalizacj\u0119. To doskona\u0142a okazja, aby rozwija\u0107 umiej\u0119tno\u015bci koszykarskie, takie jak technika rzutu, koz\u0142owanie, podania i gra zespo\u0142owa. Zawody te maj\u0105 r\u00f3wnie\u017c na celu kszta\u0142towanie charakteru m\u0142odych ludzi, ucz\u0105c ich dyscypliny, wsp\u00f3\u0142pracy, Fair Play i radzenia sobie z&nbsp;wygran\u0105 i przegran\u0105. To tak\u017ce \u015bwietna okazja do integracji \u015brodowiska uczniowskiego, budowania pozytywnych relacji mi\u0119dzy zawodnikami, trenerami i kibicami z r\u00f3\u017cnych szk\u00f3\u0142.<\/p>\n\n\n\n<p>Wyniki rozgrywek grupa dziewcz\u0105t:<\/p>\n\n\n\n<!--more-->\n\n\n\n<p><strong>I miejsce<\/strong> &#8211; dru\u017cyna ze Szko\u0142y Podstawowej im. J. Pi\u0142sudskiego w Me\u0142gwi, <\/p>\n\n\n\n<p><strong>II miejsce <\/strong>&#8211; dru\u017cyna ze Szko\u0142y Podstawowej im. M. Konopnickiej w Dominowie<\/p>\n\n\n\n<p>Wyniki rozgrywek grupa ch\u0142opc\u00f3w:<\/p>\n\n\n\n<p><strong>I miejsce<\/strong> &#8211; dru\u017cyna ze Szko\u0142y Podstawowej im. M. Konopnickiej w Dominowie<\/p>\n\n\n\n<p><strong>II miejsce <\/strong>&#8211; dru\u017cyna ze Szko\u0142y Podstawowej im. J. Pi\u0142sudskiego w Me\u0142gwi, <\/p>\n\n\n\n<p><strong>III miejsce <\/strong>&#8211; dru\u017cyna ze Szko\u0142y Podstawowej im. M. W\u00f3jcik w Kr\u0119pcu<\/p>\n\n\n\n<p><strong>IV miejsce<\/strong> &#8211; dru\u017cyna ze Szko\u0142y Podstawowej im. Jaworzniak\u00f3w w Krzesimowi<\/p>\n\n\n\n<p>Gratulujemy i zapraszamy za rok !!!<\/p>\n\n\n\n<figure class=\"wp-block-gallery has-nested-images columns-default is-cropped wp-block-gallery-1 is-layout-flex wp-block-gallery-is-layout-flex\">\n<figure class=\"wp-block-image size-large\"><img loading=\"lazy\" decoding=\"async\" width=\"1024\" height=\"768\" data-id=\"266\" src=\"https:\/\/sp-dominow.pl\/wp-content\/uploads\/2025\/04\/Facebook_creation_83737FEF-D047-475D-BEEE-2F58C48E5DDC-1024x768.jpeg\" alt=\"\" class=\"wp-image-266\" srcset=\"https:\/\/sp-dominow.pl\/wp-content\/uploads\/2025\/04\/Facebook_creation_83737FEF-D047-475D-BEEE-2F58C48E5DDC-1024x768.jpeg 1024w, https:\/\/sp-dominow.pl\/wp-content\/uploads\/2025\/04\/Facebook_creation_83737FEF-D047-475D-BEEE-2F58C48E5DDC-300x225.jpeg 300w, https:\/\/sp-dominow.pl\/wp-content\/uploads\/2025\/04\/Facebook_creation_83737FEF-D047-475D-BEEE-2F58C48E5DDC-768x576.jpeg 768w, https:\/\/sp-dominow.pl\/wp-content\/uploads\/2025\/04\/Facebook_creation_83737FEF-D047-475D-BEEE-2F58C48E5DDC-1536x1152.jpeg 1536w, https:\/\/sp-dominow.pl\/wp-content\/uploads\/2025\/04\/Facebook_creation_83737FEF-D047-475D-BEEE-2F58C48E5DDC.jpeg 2048w\" sizes=\"auto, (max-width: 1024px) 100vw, 1024px\" \/><\/figure>\n\n\n\n<figure class=\"wp-block-image size-large\"><img loading=\"lazy\" decoding=\"async\" width=\"768\" height=\"1024\" data-id=\"268\" src=\"https:\/\/sp-dominow.pl\/wp-content\/uploads\/2025\/04\/Facebook_creation_3282E779-A002-448E-8527-E2C6FE6E1D3E-768x1024.jpeg\" alt=\"\" class=\"wp-image-268\" srcset=\"https:\/\/sp-dominow.pl\/wp-content\/uploads\/2025\/04\/Facebook_creation_3282E779-A002-448E-8527-E2C6FE6E1D3E-768x1024.jpeg 768w, https:\/\/sp-dominow.pl\/wp-content\/uploads\/2025\/04\/Facebook_creation_3282E779-A002-448E-8527-E2C6FE6E1D3E-225x300.jpeg 225w, https:\/\/sp-dominow.pl\/wp-content\/uploads\/2025\/04\/Facebook_creation_3282E779-A002-448E-8527-E2C6FE6E1D3E-1152x1536.jpeg 1152w, https:\/\/sp-dominow.pl\/wp-content\/uploads\/2025\/04\/Facebook_creation_3282E779-A002-448E-8527-E2C6FE6E1D3E.jpeg 1536w\" sizes=\"auto, (max-width: 768px) 100vw, 768px\" \/><\/figure>\n<\/figure>\n","protected":false},"excerpt":{"rendered":"<p>GMINNE ZAWODY W PI\u0141CE KOSZYKOWEJ W dniu 25.04.2025r w naszej szkole odby\u0142y si\u0119 gminne zawody w pi\u0142ce koszykowej pod honorowym patronatem W\u00f3jta Gminy Me\u0142giew Pani<\/p>\n<div class=\"more-link-wrapper\"><a class=\"more-link\" href=\"https:\/\/sp-dominow.pl\/index.php\/aktualnosci\/\">Kontynuuj czytanie<span class=\"screen-reader-text\">Aktualno\u015bci<\/span><\/a><\/div>\n","protected":false},"author":1,"featured_media":0,"parent":0,"menu_order":0,"comment_status":"closed","ping_status":"closed","template":"","meta":{"footnotes":""},"class_list":["post-162","page","type-page","status-publish","hentry","entry"],"_links":{"self":[{"href":"https:\/\/sp-dominow.pl\/index.php\/wp-json\/wp\/v2\/pages\/162","targetHints":{"allow":["GET"]}}],"collection":[{"href":"https:\/\/sp-dominow.pl\/index.php\/wp-json\/wp\/v2\/pages"}],"about":[{"href":"https:\/\/sp-dominow.pl\/index.php\/wp-json\/wp\/v2\/types\/page"}],"author":[{"embeddable":true,"href":"https:\/\/sp-dominow.pl\/index.php\/wp-json\/wp\/v2\/users\/1"}],"replies":[{"embeddable":true,"href":"https:\/\/sp-dominow.pl\/index.php\/wp-json\/wp\/v2\/comments?post=162"}],"version-history":[{"count":5,"href":"https:\/\/sp-dominow.pl\/index.php\/wp-json\/wp\/v2\/pages\/162\/revisions"}],"predecessor-version":[{"id":274,"href":"https:\/\/sp-dominow.pl\/index.php\/wp-json\/wp\/v2\/pages\/162\/revisions\/274"}],"wp:attachment":[{"href":"https:\/\/sp-dominow.pl\/index.php\/wp-json\/wp\/v2\/media?parent=162"}],"curies":[{"name":"wp","href":"https:\/\/api.w.org\/{rel}","templated":true}]}}