{"id":2,"date":"2025-02-27T19:32:40","date_gmt":"2025-02-27T18:32:40","guid":{"rendered":"http:\/\/spdomic.cluster100.hosting.ovh.net\/?page_id=2"},"modified":"2025-04-15T12:40:31","modified_gmt":"2025-04-15T10:40:31","slug":"kadra","status":"publish","type":"page","link":"https:\/\/sp-dominow.pl\/index.php\/kadra\/","title":{"rendered":"Nauczyciele"},"content":{"rendered":"\n<p>Dyrektor &#8211; El\u017cbieta Gauda<\/p>\n\n\n\n<figure class=\"wp-block-table is-style-regular\"><table><tbody><tr><td>Nauczyciel<\/td><td>Przedmiot<\/td><td>Wychowawca<\/td><\/tr><tr><td>Antoszak Justyna<\/td><td>edukacja wczesnoszkolna, biblioteka<\/td><td>kl. III<\/td><\/tr><tr><td>B\u0105bik Adam<\/td><td>muzyka, rytmika<\/td><td><\/td><\/tr><tr><td>Halina Blacharska<\/td><td>edukacja wczesnoszkolna<\/td><td>kl. I<\/td><\/tr><tr><td>Cieciora Anna<\/td><td>j. niemiecki, n-el wsp\u00f3\u0142organizuj\u0105cy kszta\u0142cenie<\/td><td><\/td><\/tr><tr><td>Duwer Natalia <\/td><td>przyroda, biologia, chemia<\/td><td><\/td><\/tr><tr><td>Klasi\u0144ski Micha\u0142<\/td><td>plastyka<\/td><td><\/td><\/tr><tr><td>K\u0142ak \u0141ukasz<\/td><td>wychowanie fizyczne<\/td><td>kl. VII<\/td><\/tr><tr><td>Kulik Marta<\/td><td>historia, wiedza o spo\u0142ecze\u0144stwie, doradztwo zawodowe, edb<\/td><td><\/td><\/tr><tr><td>M\u0119dzelewski Andrzej<\/td><td>religia<\/td><td><\/td><\/tr><tr><td>Micha\u0142owska Izabela<\/td><td>religia, j. polski<\/td><td><\/td><\/tr><tr><td>Pietrzyk Marzenna<\/td><td>historia, geografia<\/td><td><\/td><\/tr><tr><td>Rodzik Jolanta<\/td><td>n-el wsp\u00f3\u0142organizuj\u0105cy kszta\u0142cenie<\/td><td><\/td><\/tr><tr><td>Salitra Joanna<\/td><td>edukacja wczesnoszkolna, biblioteka<\/td><td>kl. II<\/td><\/tr><tr><td>Seku\u0142a Cezary<\/td><td>informatyka<\/td><td><\/td><\/tr><tr><td>Seku\u0142a Joanna<\/td><td>basen<\/td><td><\/td><\/tr><tr><td>Siedliska Anna<\/td><td>urlop macierzy\u0144ski<\/td><td><\/td><\/tr><tr><td>Sikorska Monika<\/td><td>matematyka<\/td><td>kl. V<\/td><\/tr><tr><td>Sochacka Barbara<\/td><td>fizyka<\/td><td><\/td><\/tr><tr><td>Soko\u0142owska Maria<\/td><td>j. angielski, technika<\/td><td>kl. VIII<\/td><\/tr><tr><td>Szostak Agata <\/td><td>psycholog<\/td><td>kl. IV<\/td><\/tr><tr><td>Stawecki Ireneusz<\/td><td>j. angielski<\/td><td><\/td><\/tr><tr><td>\u015awiderczuk Alicja<\/td><td>wd\u017c<\/td><td><\/td><\/tr><tr><td>Waszkiewicz Agnieszka<\/td><td>edukacja przedszkolna<\/td><td>gr 5\/6 latk\u00f3w<\/td><\/tr><tr><td>Zam\u0142ynna Justyna<\/td><td>pedagog szkolny<\/td><td><\/td><\/tr><tr><td>Zawadzka Agnieszka<\/td><td>edukacja przedszkolna<\/td><td>gr 3\/4 latk\u00f3w<\/td><\/tr><tr><td>Zieli\u0144ska Anna<\/td><td>edukacja przedszkolna<\/td><td>gr 5\/6 latk\u00f3w<\/td><\/tr><\/tbody><\/table><\/figure>\n","protected":false},"excerpt":{"rendered":"<p>Dyrektor &#8211; El\u017cbieta Gauda Nauczyciel Przedmiot Wychowawca Antoszak Justyna edukacja wczesnoszkolna, biblioteka kl. III B\u0105bik Adam muzyka, rytmika Halina Blacharska edukacja wczesnoszkolna kl. I Cieciora&#8230;<\/p>\n<div class=\"more-link-wrapper\"><a class=\"more-link\" href=\"https:\/\/sp-dominow.pl\/index.php\/kadra\/\">Kontynuuj czytanie<span class=\"screen-reader-text\">Nauczyciele<\/span><\/a><\/div>\n","protected":false},"author":1,"featured_media":0,"parent":0,"menu_order":0,"comment_status":"closed","ping_status":"closed","template":"","meta":{"footnotes":""},"class_list":["post-2","page","type-page","status-publish","hentry","entry"],"_links":{"self":[{"href":"https:\/\/sp-dominow.pl\/index.php\/wp-json\/wp\/v2\/pages\/2","targetHints":{"allow":["GET"]}}],"collection":[{"href":"https:\/\/sp-dominow.pl\/index.php\/wp-json\/wp\/v2\/pages"}],"about":[{"href":"https:\/\/sp-dominow.pl\/index.php\/wp-json\/wp\/v2\/types\/page"}],"author":[{"embeddable":true,"href":"https:\/\/sp-dominow.pl\/index.php\/wp-json\/wp\/v2\/users\/1"}],"replies":[{"embeddable":true,"href":"https:\/\/sp-dominow.pl\/index.php\/wp-json\/wp\/v2\/comments?post=2"}],"version-history":[{"count":5,"href":"https:\/\/sp-dominow.pl\/index.php\/wp-json\/wp\/v2\/pages\/2\/revisions"}],"predecessor-version":[{"id":217,"href":"https:\/\/sp-dominow.pl\/index.php\/wp-json\/wp\/v2\/pages\/2\/revisions\/217"}],"wp:attachment":[{"href":"https:\/\/sp-dominow.pl\/index.php\/wp-json\/wp\/v2\/media?parent=2"}],"curies":[{"name":"wp","href":"https:\/\/api.w.org\/{rel}","templated":true}]}}