{"id":214,"date":"2025-04-15T12:38:30","date_gmt":"2025-04-15T10:38:30","guid":{"rendered":"https:\/\/sp-dominow.pl\/?page_id=214"},"modified":"2025-04-25T12:53:08","modified_gmt":"2025-04-25T10:53:08","slug":"grono-pedagogiczne","status":"publish","type":"page","link":"https:\/\/sp-dominow.pl\/index.php\/grono-pedagogiczne\/","title":{"rendered":"Grono pedagogiczne"},"content":{"rendered":"\n<p>Rok szkolny: 2024\/2025<\/p>\n\n\n\n<p><strong>Dyrektor: El\u017cbieta Gauda<\/strong><\/p>\n\n\n\n<figure class=\"wp-block-table is-style-stripes\"><table class=\"has-fixed-layout\"><tbody><tr><td>Nazwisko i imi\u0119 nauczyciela<\/td><td>Przedmiot<\/td><td>wychowawstwo<\/td><\/tr><tr><td><strong>Antoszak Justyna<\/strong><\/td><td>edukacja wczesnoszkolna<\/td><td>kl. III<\/td><\/tr><tr><td><strong>B\u0105bik Adam<\/strong><\/td><td>muzyka, rytmika<\/td><td><\/td><\/tr><tr><td><strong>Blacharska Halina<\/strong><\/td><td>edukacja wczesnoszkolna<\/td><td>kl. I<\/td><\/tr><tr><td><strong>Cieciora Anna<\/strong><\/td><td>j. niemiecki, n-el wsp\u00f3\u0142organizuj\u0105cy kszta\u0142cenie<\/td><td><\/td><\/tr><tr><td><strong>Duwer Natalia<\/strong><\/td><td>przyroda, biologia, zaj\u0119cia w \u015bwietlicy<\/td><td><\/td><\/tr><tr><td><strong>Klasi\u0144ski Micha\u0142<\/strong><\/td><td>plastyka<\/td><td><\/td><\/tr><tr><td><strong>K\u0142ak \u0141ukasz<\/strong><\/td><td>wychowanie fizyczne<\/td><td>kl. VII<\/td><\/tr><tr><td><strong>Kulik Marta<\/strong><\/td><td>historia, doradztwo zawodowe, wos, edb<\/td><td><\/td><\/tr><tr><td><strong>M\u0119dzelewski Andrzej<\/strong><\/td><td>religia<\/td><td><\/td><\/tr><tr><td><strong>Micha\u0142owska Izabela<\/strong><\/td><td>religia, j. polski<\/td><td><\/td><\/tr><tr><td><strong>Pietrzyk Marzenna<\/strong><\/td><td>historia, geografia,<\/td><td><\/td><\/tr><tr><td><strong>Rodzik Jolanta<\/strong><\/td><td>n-el wsp\u00f3\u0142organizuj\u0105cy kszta\u0142cenie<\/td><td><\/td><\/tr><tr><td><strong>Salitra Joanna<\/strong><\/td><td>edukacja wczesnoszkolna<\/td><td>kl. II<\/td><\/tr><tr><td><strong>Seku\u0142a Cezary<\/strong><\/td><td>informatyka<\/td><td><\/td><\/tr><tr><td><strong>Seku\u0142a Joanna<\/strong><\/td><td>zaj\u0119cia na basenie<\/td><td><\/td><\/tr><tr><td><strong>Siedliska Anna<\/strong><\/td><td>chemia<\/td><td><\/td><\/tr><tr><td><strong>Sikorska Monika<\/strong><\/td><td>matematyka<\/td><td>kl. V<\/td><\/tr><tr><td><strong>Sochacka Wies\u0142awa Barbara<\/strong><\/td><td>fizyka<\/td><td><\/td><\/tr><tr><td><strong>Soko\u0142owska Maria<\/strong><\/td><td>j. angielski, technika<\/td><td>kl. VIII<\/td><\/tr><tr><td><strong>Stawecki Ireneusz<\/strong><\/td><td>j. angielski<\/td><td><\/td><\/tr><tr><td><strong>Szostak Agata<\/strong><\/td><td>psycholog<\/td><td>kl. IV<\/td><\/tr><tr><td><strong>\u015awiderczuk Alicja <\/strong><\/td><td>wd\u017c<\/td><td><\/td><\/tr><tr><td><strong>Waszkiewicz Agnieszka<\/strong><\/td><td>wychowanie przedszkolne <\/td><td>gr. 5\/6 latk\u00f3w<\/td><\/tr><tr><td><strong>Zam\u0142ynna Justyna<\/strong><\/td><td>pedagog<\/td><td><\/td><\/tr><tr><td><strong>Zawadzka Agnieszka<\/strong><\/td><td>wychowanie przedszkolne <\/td><td>gr. 3\/4 latk\u00f3w<\/td><\/tr><tr><td><strong>Zieli\u0144ska Anna<\/strong><\/td><td>wychowanie przedszkolne <\/td><td><\/td><\/tr><tr><td><strong>\u017bele\u017anik Barbara<\/strong><\/td><td>j. polski<\/td><td>kl. VI<\/td><\/tr><\/tbody><\/table><\/figure>\n","protected":false},"excerpt":{"rendered":"<p>Rok szkolny: 2024\/2025 Dyrektor: El\u017cbieta Gauda Nazwisko i imi\u0119 nauczyciela Przedmiot wychowawstwo Antoszak Justyna edukacja wczesnoszkolna kl. III B\u0105bik Adam muzyka, rytmika Blacharska Halina edukacja&#8230;<\/p>\n<div class=\"more-link-wrapper\"><a class=\"more-link\" href=\"https:\/\/sp-dominow.pl\/index.php\/grono-pedagogiczne\/\">Kontynuuj czytanie<span class=\"screen-reader-text\">Grono pedagogiczne<\/span><\/a><\/div>\n","protected":false},"author":1,"featured_media":0,"parent":0,"menu_order":0,"comment_status":"closed","ping_status":"closed","template":"","meta":{"footnotes":""},"class_list":["post-214","page","type-page","status-publish","hentry","entry"],"_links":{"self":[{"href":"https:\/\/sp-dominow.pl\/index.php\/wp-json\/wp\/v2\/pages\/214","targetHints":{"allow":["GET"]}}],"collection":[{"href":"https:\/\/sp-dominow.pl\/index.php\/wp-json\/wp\/v2\/pages"}],"about":[{"href":"https:\/\/sp-dominow.pl\/index.php\/wp-json\/wp\/v2\/types\/page"}],"author":[{"embeddable":true,"href":"https:\/\/sp-dominow.pl\/index.php\/wp-json\/wp\/v2\/users\/1"}],"replies":[{"embeddable":true,"href":"https:\/\/sp-dominow.pl\/index.php\/wp-json\/wp\/v2\/comments?post=214"}],"version-history":[{"count":3,"href":"https:\/\/sp-dominow.pl\/index.php\/wp-json\/wp\/v2\/pages\/214\/revisions"}],"predecessor-version":[{"id":238,"href":"https:\/\/sp-dominow.pl\/index.php\/wp-json\/wp\/v2\/pages\/214\/revisions\/238"}],"wp:attachment":[{"href":"https:\/\/sp-dominow.pl\/index.php\/wp-json\/wp\/v2\/media?parent=214"}],"curies":[{"name":"wp","href":"https:\/\/api.w.org\/{rel}","templated":true}]}}