{"id":251,"date":"2025-04-25T14:03:25","date_gmt":"2025-04-25T12:03:25","guid":{"rendered":"https:\/\/sp-dominow.pl\/?page_id=251"},"modified":"2025-04-25T14:16:18","modified_gmt":"2025-04-25T12:16:18","slug":"szkoly-skrojone-na-miare","status":"publish","type":"page","link":"https:\/\/sp-dominow.pl\/index.php\/szkoly-skrojone-na-miare\/","title":{"rendered":"&#8222;Szko\u0142y skrojone na miar\u0119&#8221;"},"content":{"rendered":"\n<p>Gmina Me\u0142giew realizuje projekt \u201eSzko\u0142y skrojone na miar\u0119\u201d \u2013 projekt<strong><em>\u00a0\u00a0<\/em><\/strong>nr FELU.10.03-IZ.00-0112\/23, wsp\u00f3\u0142finansowany ze \u015brodk\u00f3w Unii Europejskiej w ramach Fundusze Europejskie dla Lubelskiego 2021-2027, Priorytetu X Lepsza edukacja, Dzia\u0142ania 10.3 Kszta\u0142cenie og\u00f3lne.<\/p>\n\n\n\n<p>G\u0142\u00f3wnym celem realizowanego projektu jest wzrost jako\u015bci kszta\u0142cenia realizowanego przez 5 szk\u00f3\u0142 podstawowych Gminy Me\u0142giew oraz podniesienie umiej\u0119tno\u015bci i kompetencji u co najmniej 95% z grupy 555 uczni\u00f3w i 134 nauczycieli poprzez wdro\u017cenie program\u00f3w rozwojowych przyczyniaj\u0105cych si\u0119 do zwi\u0119kszenia dost\u0119pu do edukacji dobrej jako\u015bci, w\u0142\u0105czaj\u0105cego kszta\u0142cenia, u\u0142atwienia mobilno\u015bci edukacyjnej dla wszystkich i dost\u0119pno\u015bci dla os\u00f3b z niepe\u0142nosprawno\u015bciami.<\/p>\n\n\n\n<p><a href=\"https:\/\/melgiew.pl\/szkoly-skrojone-na-miare\/\">https:\/\/melgiew.pl\/szkoly-skrojone-na-miare\/<\/a><\/p>\n","protected":false},"excerpt":{"rendered":"<p>Gmina Me\u0142giew realizuje projekt \u201eSzko\u0142y skrojone na miar\u0119\u201d \u2013 projekt\u00a0\u00a0nr FELU.10.03-IZ.00-0112\/23, wsp\u00f3\u0142finansowany ze \u015brodk\u00f3w Unii Europejskiej w ramach Fundusze Europejskie dla Lubelskiego 2021-2027, Priorytetu X&#8230;<\/p>\n<div class=\"more-link-wrapper\"><a class=\"more-link\" href=\"https:\/\/sp-dominow.pl\/index.php\/szkoly-skrojone-na-miare\/\">Kontynuuj czytanie<span class=\"screen-reader-text\">&#8222;Szko\u0142y skrojone na miar\u0119&#8221;<\/span><\/a><\/div>\n","protected":false},"author":1,"featured_media":0,"parent":0,"menu_order":0,"comment_status":"closed","ping_status":"closed","template":"","meta":{"footnotes":""},"class_list":["post-251","page","type-page","status-publish","hentry","entry"],"_links":{"self":[{"href":"https:\/\/sp-dominow.pl\/index.php\/wp-json\/wp\/v2\/pages\/251","targetHints":{"allow":["GET"]}}],"collection":[{"href":"https:\/\/sp-dominow.pl\/index.php\/wp-json\/wp\/v2\/pages"}],"about":[{"href":"https:\/\/sp-dominow.pl\/index.php\/wp-json\/wp\/v2\/types\/page"}],"author":[{"embeddable":true,"href":"https:\/\/sp-dominow.pl\/index.php\/wp-json\/wp\/v2\/users\/1"}],"replies":[{"embeddable":true,"href":"https:\/\/sp-dominow.pl\/index.php\/wp-json\/wp\/v2\/comments?post=251"}],"version-history":[{"count":2,"href":"https:\/\/sp-dominow.pl\/index.php\/wp-json\/wp\/v2\/pages\/251\/revisions"}],"predecessor-version":[{"id":260,"href":"https:\/\/sp-dominow.pl\/index.php\/wp-json\/wp\/v2\/pages\/251\/revisions\/260"}],"wp:attachment":[{"href":"https:\/\/sp-dominow.pl\/index.php\/wp-json\/wp\/v2\/media?parent=251"}],"curies":[{"name":"wp","href":"https:\/\/api.w.org\/{rel}","templated":true}]}}