{"id":253,"date":"2025-04-25T14:03:55","date_gmt":"2025-04-25T12:03:55","guid":{"rendered":"https:\/\/sp-dominow.pl\/?page_id=253"},"modified":"2025-04-25T14:11:15","modified_gmt":"2025-04-25T12:11:15","slug":"rowne-szanse","status":"publish","type":"page","link":"https:\/\/sp-dominow.pl\/index.php\/rowne-szanse\/","title":{"rendered":"&#8222;R\u00f3wne szanse&#8221;"},"content":{"rendered":"\n<p>G\u0142\u00f3wnym celem projektu jest wspieranie r\u00f3wnego dost\u0119pu do dobrej jako\u015bci edukacji, poprawa jej jako\u015bci, w tym edukacji w\u0142\u0105czaj\u0105cej, w 5 plac\u00f3wkach wychowania przedszkolnego Gminy Me\u0142giew poprzez kompleksow\u0105 realizacj\u0119 dzia\u0142a\u0144 edukacyjno-specjalistycznych, kt\u00f3re koncentruj\u0105 si\u0119 na dzieciach w wieku przedszkolnym, dzieciach z niepe\u0142nosprawno\u015bciami lub niedostosowanych spo\u0142ecznie (potwierdzone odpowiednim orzeczeniem) i zapewnieniu im pe\u0142nego dost\u0119pu do edukacji og\u00f3lnodost\u0119pnej, z w\u0142a\u015bciwym wsparciem w og\u00f3lnodost\u0119pnej plac\u00f3wce w zakresie specjalnych potrzeb psychofizycznych.<\/p>\n\n\n\n<p><a href=\"https:\/\/melgiew.pl\/rowne-szanse-podniesienie-jakosci-edukacji-przedszkolnej-w-oddzialach-prowadzonych-przez-gmine-melgiew\/\">https:\/\/melgiew.pl\/rowne-szanse-podniesienie-jakosci-edukacji-przedszkolnej-w-oddzialach-prowadzonych-przez-gmine-melgiew\/<\/a><\/p>\n\n\n\n<p><\/p>\n","protected":false},"excerpt":{"rendered":"<p>G\u0142\u00f3wnym celem projektu jest wspieranie r\u00f3wnego dost\u0119pu do dobrej jako\u015bci edukacji, poprawa jej jako\u015bci, w tym edukacji w\u0142\u0105czaj\u0105cej, w 5 plac\u00f3wkach wychowania przedszkolnego Gminy Me\u0142giew&#8230;<\/p>\n<div class=\"more-link-wrapper\"><a class=\"more-link\" href=\"https:\/\/sp-dominow.pl\/index.php\/rowne-szanse\/\">Kontynuuj czytanie<span class=\"screen-reader-text\">&#8222;R\u00f3wne szanse&#8221;<\/span><\/a><\/div>\n","protected":false},"author":1,"featured_media":0,"parent":0,"menu_order":0,"comment_status":"closed","ping_status":"closed","template":"","meta":{"footnotes":""},"class_list":["post-253","page","type-page","status-publish","hentry","entry"],"_links":{"self":[{"href":"https:\/\/sp-dominow.pl\/index.php\/wp-json\/wp\/v2\/pages\/253","targetHints":{"allow":["GET"]}}],"collection":[{"href":"https:\/\/sp-dominow.pl\/index.php\/wp-json\/wp\/v2\/pages"}],"about":[{"href":"https:\/\/sp-dominow.pl\/index.php\/wp-json\/wp\/v2\/types\/page"}],"author":[{"embeddable":true,"href":"https:\/\/sp-dominow.pl\/index.php\/wp-json\/wp\/v2\/users\/1"}],"replies":[{"embeddable":true,"href":"https:\/\/sp-dominow.pl\/index.php\/wp-json\/wp\/v2\/comments?post=253"}],"version-history":[{"count":4,"href":"https:\/\/sp-dominow.pl\/index.php\/wp-json\/wp\/v2\/pages\/253\/revisions"}],"predecessor-version":[{"id":259,"href":"https:\/\/sp-dominow.pl\/index.php\/wp-json\/wp\/v2\/pages\/253\/revisions\/259"}],"wp:attachment":[{"href":"https:\/\/sp-dominow.pl\/index.php\/wp-json\/wp\/v2\/media?parent=253"}],"curies":[{"name":"wp","href":"https:\/\/api.w.org\/{rel}","templated":true}]}}