{"id":50,"date":"2025-04-11T14:14:41","date_gmt":"2025-04-11T12:14:41","guid":{"rendered":"https:\/\/sp-dominow.pl\/?page_id=50"},"modified":"2025-05-30T20:55:23","modified_gmt":"2025-05-30T18:55:23","slug":"rodzic","status":"publish","type":"page","link":"https:\/\/sp-dominow.pl\/index.php\/rodzic\/","title":{"rendered":"Strefa rodzica"},"content":{"rendered":"\n<p>Coroczne warsztaty dla rodzic\u00f3w:<\/p>\n\n\n\n<p><a href=\"https:\/\/poradnia.swidnik.pl\/2025\/02\/19\/szkola-dla-rodzicow-5\/\">SZKO\u0141A DLA RODZIC\u00d3W | Poradnia<\/a><\/p>\n\n\n\n<p><\/p>\n","protected":false},"excerpt":{"rendered":"<p>Coroczne warsztaty dla rodzic\u00f3w: SZKO\u0141A DLA RODZIC\u00d3W | Poradnia<\/p>\n","protected":false},"author":1,"featured_media":0,"parent":0,"menu_order":0,"comment_status":"closed","ping_status":"closed","template":"","meta":{"footnotes":""},"class_list":["post-50","page","type-page","status-publish","hentry","entry"],"_links":{"self":[{"href":"https:\/\/sp-dominow.pl\/index.php\/wp-json\/wp\/v2\/pages\/50","targetHints":{"allow":["GET"]}}],"collection":[{"href":"https:\/\/sp-dominow.pl\/index.php\/wp-json\/wp\/v2\/pages"}],"about":[{"href":"https:\/\/sp-dominow.pl\/index.php\/wp-json\/wp\/v2\/types\/page"}],"author":[{"embeddable":true,"href":"https:\/\/sp-dominow.pl\/index.php\/wp-json\/wp\/v2\/users\/1"}],"replies":[{"embeddable":true,"href":"https:\/\/sp-dominow.pl\/index.php\/wp-json\/wp\/v2\/comments?post=50"}],"version-history":[{"count":5,"href":"https:\/\/sp-dominow.pl\/index.php\/wp-json\/wp\/v2\/pages\/50\/revisions"}],"predecessor-version":[{"id":293,"href":"https:\/\/sp-dominow.pl\/index.php\/wp-json\/wp\/v2\/pages\/50\/revisions\/293"}],"wp:attachment":[{"href":"https:\/\/sp-dominow.pl\/index.php\/wp-json\/wp\/v2\/media?parent=50"}],"curies":[{"name":"wp","href":"https:\/\/api.w.org\/{rel}","templated":true}]}}