{"id":82,"date":"2025-04-14T13:19:23","date_gmt":"2025-04-14T11:19:23","guid":{"rendered":"https:\/\/sp-dominow.pl\/?page_id=82"},"modified":"2025-04-25T14:00:25","modified_gmt":"2025-04-25T12:00:25","slug":"logopeda","status":"publish","type":"page","link":"https:\/\/sp-dominow.pl\/index.php\/logopeda\/","title":{"rendered":"Logopeda"},"content":{"rendered":"\n<p>Halina Blacharska <\/p>\n\n\n\n<p><a href=\"mailto:halina.blacharska@sp-dominow.pl\">halina.blacharska@sp-dominow.pl<\/a><\/p>\n\n\n\n<p>Godziny pracy logopedy:<\/p>\n\n\n\n<div class=\"wp-block-group\"><div class=\"wp-block-group__inner-container is-layout-constrained wp-block-group-is-layout-constrained\">\n<div class=\"wp-block-columns is-layout-flex wp-container-core-columns-is-layout-9d6595d7 wp-block-columns-is-layout-flex\">\n<div class=\"wp-block-column is-layout-flow wp-block-column-is-layout-flow\">\n<figure class=\"wp-block-table is-style-stripes\"><table class=\"has-fixed-layout\"><tbody><tr><td>poniedzia\u0142ek<\/td><td>12:20 &#8211; 13:05 &#8211;  zaj\u0119cia logopedyczne<br>13:15 &#8211; 13:45 &#8211;  konsultacje<br>14:00 &#8211; 14:45 &#8211; zaj\u0119cia logopedyczne<\/td><\/tr><tr><td>\u015broda<\/td><td>11:10 &#8211; 12:10 &#8211; zaj\u0119cia logopedyczne<\/td><\/tr><\/tbody><\/table><\/figure>\n<\/div>\n<\/div>\n<\/div><\/div>\n\n\n\n<div class=\"wp-block-columns is-layout-flex wp-container-core-columns-is-layout-9d6595d7 wp-block-columns-is-layout-flex\">\n<div class=\"wp-block-column is-layout-flow wp-block-column-is-layout-flow\" style=\"flex-basis:33.33%\"><\/div>\n\n\n\n<div class=\"wp-block-column is-layout-flow wp-block-column-is-layout-flow\" style=\"flex-basis:66.66%\"><\/div>\n<\/div>\n\n\n\n<p><\/p>\n","protected":false},"excerpt":{"rendered":"<p>Halina Blacharska halina.blacharska@sp-dominow.pl Godziny pracy logopedy: poniedzia\u0142ek 12:20 &#8211; 13:05 &#8211; zaj\u0119cia logopedyczne13:15 &#8211; 13:45 &#8211; konsultacje14:00 &#8211; 14:45 &#8211; zaj\u0119cia logopedyczne \u015broda 11:10 &#8211;&#8230;<\/p>\n<div class=\"more-link-wrapper\"><a class=\"more-link\" href=\"https:\/\/sp-dominow.pl\/index.php\/logopeda\/\">Kontynuuj czytanie<span class=\"screen-reader-text\">Logopeda<\/span><\/a><\/div>\n","protected":false},"author":1,"featured_media":0,"parent":0,"menu_order":0,"comment_status":"closed","ping_status":"closed","template":"","meta":{"footnotes":""},"class_list":["post-82","page","type-page","status-publish","hentry","entry"],"_links":{"self":[{"href":"https:\/\/sp-dominow.pl\/index.php\/wp-json\/wp\/v2\/pages\/82","targetHints":{"allow":["GET"]}}],"collection":[{"href":"https:\/\/sp-dominow.pl\/index.php\/wp-json\/wp\/v2\/pages"}],"about":[{"href":"https:\/\/sp-dominow.pl\/index.php\/wp-json\/wp\/v2\/types\/page"}],"author":[{"embeddable":true,"href":"https:\/\/sp-dominow.pl\/index.php\/wp-json\/wp\/v2\/users\/1"}],"replies":[{"embeddable":true,"href":"https:\/\/sp-dominow.pl\/index.php\/wp-json\/wp\/v2\/comments?post=82"}],"version-history":[{"count":7,"href":"https:\/\/sp-dominow.pl\/index.php\/wp-json\/wp\/v2\/pages\/82\/revisions"}],"predecessor-version":[{"id":247,"href":"https:\/\/sp-dominow.pl\/index.php\/wp-json\/wp\/v2\/pages\/82\/revisions\/247"}],"wp:attachment":[{"href":"https:\/\/sp-dominow.pl\/index.php\/wp-json\/wp\/v2\/media?parent=82"}],"curies":[{"name":"wp","href":"https:\/\/api.w.org\/{rel}","templated":true}]}}